{"id":87,"date":"2023-08-07T18:00:25","date_gmt":"2023-08-07T18:00:25","guid":{"rendered":"http:\/\/localhost:8888\/ITA\/?page_id=87"},"modified":"2026-04-18T13:55:03","modified_gmt":"2026-04-18T13:55:03","slug":"menu","status":"publish","type":"page","link":"https:\/\/www.ita-berlin.de\/de\/menu\/","title":{"rendered":"Menu"},"content":{"rendered":"<style>\n    .priceMenu {\n        width: 60px;\n    }\n\n    .dishTile {\n        width: calc(100% - 60px);\n    }\n<\/style>\n    <div class=\"container-fluid bgGrey cRed\">\n        <div class=\"container-xxl pt-5\">\n            <div class='row py-5'>\n                                    <div class='col-12'>\n                        <h2 class=\"h-2xl\">MEN\u00dc<\/h2>\n                    <\/div>\n                                                                        <div class='col-md-6'>\n                                <div class=\"d-flex\">\n                                    <div class=\"me-2 priceMenu\">\n                                        6 \u20ac\n                                    <\/div>\n                                    <div class=\"dishTile\">\n                                        <h3 class=\"h-lg mb-2 dishTitle\">\n                                            Acid Sauerteig Brot                                        <\/h3>\n                                        <div class=\"mb-5\">mit schwarze Oliven Bergamotte Butter oder Miso Mais Butter +3<\/div>\n\n                                    <\/div>\n                                <\/div>\n                            <\/div>\n                                                    <div class='col-md-6'>\n                                <div class=\"d-flex\">\n                                    <div class=\"me-2 priceMenu\">\n                                        6 \u20ac\n                                    <\/div>\n                                    <div class=\"dishTile\">\n                                        <h3 class=\"h-lg mb-2 dishTitle\">\n                                            Auster Irish Mo\u0301r Nr. 2                                        <\/h3>\n                                        <div class=\"mb-5\">mit Mandarinen Aquachile<\/div>\n\n                                    <\/div>\n                                <\/div>\n                            <\/div>\n                                                                                <div class='col-12'>\n                        <h2 class=\"h-2xl\"><\/h2>\n                    <\/div>\n                                                                        <div class='col-md-6'>\n                                <div class=\"d-flex\">\n                                    <div class=\"me-2 priceMenu\">\n                                        7 \u20ac\n                                    <\/div>\n                                    <div class=\"dishTile\">\n                                        <h3 class=\"h-lg mb-2 dishTitle\">\n                                            CAPRESE EMPANADA                                        <\/h3>\n                                        <div class=\"mb-5\">Scamorza &amp; Rucolapesto<\/div>\n\n                                    <\/div>\n                                <\/div>\n                            <\/div>\n                                                    <div class='col-md-6'>\n                                <div class=\"d-flex\">\n                                    <div class=\"me-2 priceMenu\">\n                                        17 \u20ac\n                                    <\/div>\n                                    <div class=\"dishTile\">\n                                        <h3 class=\"h-lg mb-2 dishTitle\">\n                                            Scarola &amp; Salicornia Salat                                        <\/h3>\n                                        <div class=\"mb-5\">Frischk\u00e4secreme, Mohn, Birne &amp; Mandeln<\/div>\n\n                                    <\/div>\n                                <\/div>\n                            <\/div>\n                                                    <div class='col-md-6'>\n                                <div class=\"d-flex\">\n                                    <div class=\"me-2 priceMenu\">\n                                        22 \u20ac\n                                    <\/div>\n                                    <div class=\"dishTile\">\n                                        <h3 class=\"h-lg mb-2 dishTitle\">\n                                            SCALOP CRUDO                                        <\/h3>\n                                        <div class=\"mb-5\">Maracuya vinagrette, cucumber &#038; lovage oil <\/div>\n\n                                    <\/div>\n                                <\/div>\n                            <\/div>\n                                                    <div class='col-md-6'>\n                                <div class=\"d-flex\">\n                                    <div class=\"me-2 priceMenu\">\n                                        19 \u20ac\n                                    <\/div>\n                                    <div class=\"dishTile\">\n                                        <h3 class=\"h-lg mb-2 dishTitle\">\n                                            Spinat Tarte                                        <\/h3>\n                                        <div class=\"mb-5\">Bergk\u00e4se &amp; fermentierte Zitronencreme  <\/div>\n\n                                    <\/div>\n                                <\/div>\n                            <\/div>\n                                                    <div class='col-md-6'>\n                                <div class=\"d-flex\">\n                                    <div class=\"me-2 priceMenu\">\n                                        23 \u20ac\n                                    <\/div>\n                                    <div class=\"dishTile\">\n                                        <h3 class=\"h-lg mb-2 dishTitle\">\n                                            Calamari ceviche                                        <\/h3>\n                                        <div class=\"mb-5\">Leche de Tigre, S\u00fc\u00dfkartoffel &amp; ger\u00f6steter Mais<\/div>\n\n                                    <\/div>\n                                <\/div>\n                            <\/div>\n                                                    <div class='col-md-6'>\n                                <div class=\"d-flex\">\n                                    <div class=\"me-2 priceMenu\">\n                                        24 \u20ac\n                                    <\/div>\n                                    <div class=\"dishTile\">\n                                        <h3 class=\"h-lg mb-2 dishTitle\">\n                                            Gegrillte Pilze                                        <\/h3>\n                                        <div class=\"mb-5\">Napakohl, Algencreme &amp; Chilli\u00f6l <\/div>\n\n                                    <\/div>\n                                <\/div>\n                            <\/div>\n                                                                                <div class='col-12'>\n                        <h2 class=\"h-2xl\"><\/h2>\n                    <\/div>\n                                                                        <div class='col-md-6'>\n                                <div class=\"d-flex\">\n                                    <div class=\"me-2 priceMenu\">\n                                        25 \u20ac\n                                    <\/div>\n                                    <div class=\"dishTile\">\n                                        <h3 class=\"h-lg mb-2 dishTitle\">\n                                            Sellerie Taleggio Cappellacci                                        <\/h3>\n                                        <div class=\"mb-5\">Wei\u00dfwein Velout\u00e9, kandierte Waln\u00fcsse &amp; frische Staudensellerie<\/div>\n\n                                    <\/div>\n                                <\/div>\n                            <\/div>\n                                                    <div class='col-md-6'>\n                                <div class=\"d-flex\">\n                                    <div class=\"me-2 priceMenu\">\n                                        27 \u20ac\n                                    <\/div>\n                                    <div class=\"dishTile\">\n                                        <h3 class=\"h-lg mb-2 dishTitle\">\n                                            Knusprige Quesadilla                                        <\/h3>\n                                        <div class=\"mb-5\">gef\u00fcllt mit Kartoffel und Bohnen, dazu Hirtenk\u00e4se &amp; Salsa Verde <\/div>\n\n                                    <\/div>\n                                <\/div>\n                            <\/div>\n                                                    <div class='col-md-6'>\n                                <div class=\"d-flex\">\n                                    <div class=\"me-2 priceMenu\">\n                                        37 \u20ac\n                                    <\/div>\n                                    <div class=\"dishTile\">\n                                        <h3 class=\"h-lg mb-2 dishTitle\">\n                                            Gegrilltes Saibling Filet                                        <\/h3>\n                                        <div class=\"mb-5\">Linsen, Nduja &amp; M\u00f6nchsbart<\/div>\n\n                                    <\/div>\n                                <\/div>\n                            <\/div>\n                                                    <div class='col-md-6'>\n                                <div class=\"d-flex\">\n                                    <div class=\"me-2 priceMenu\">\n                                        36 \u20ac\n                                    <\/div>\n                                    <div class=\"dishTile\">\n                                        <h3 class=\"h-lg mb-2 dishTitle\">\n                                            Gebratenes Perlhuhn                                        <\/h3>\n                                        <div class=\"mb-5\">Gew\u00fcrzreis, gr\u00fcne Bohnen &amp; Ezme <\/div>\n\n                                    <\/div>\n                                <\/div>\n                            <\/div>\n                                                    <div class='col-md-6'>\n                                <div class=\"d-flex\">\n                                    <div class=\"me-2 priceMenu\">\n                                        37 \u20ac\n                                    <\/div>\n                                    <div class=\"dishTile\">\n                                        <h3 class=\"h-lg mb-2 dishTitle\">\n                                            Duroc Schweinekotelett                                        <\/h3>\n                                        <div class=\"mb-5\">Fenchelrub, Jus vom Schwein &amp; Kartoffelsalat<\/div>\n\n                                    <\/div>\n                                <\/div>\n                            <\/div>\n                                                                                <div class='col-12'>\n                        <h2 class=\"h-2xl\"><\/h2>\n                    <\/div>\n                                                                        <div class='col-md-6'>\n                                <div class=\"d-flex\">\n                                    <div class=\"me-2 priceMenu\">\n                                        14 \u20ac\n                                    <\/div>\n                                    <div class=\"dishTile\">\n                                        <h3 class=\"h-lg mb-2 dishTitle\">\n                                            Churro Sandwich                                        <\/h3>\n                                        <div class=\"mb-5\">Kumquateis &amp; Cr\u00e8me anglaise<\/div>\n\n                                    <\/div>\n                                <\/div>\n                            <\/div>\n                                                    <div class='col-md-6'>\n                                <div class=\"d-flex\">\n                                    <div class=\"me-2 priceMenu\">\n                                        14 \u20ac\n                                    <\/div>\n                                    <div class=\"dishTile\">\n                                        <h3 class=\"h-lg mb-2 dishTitle\">\n                                            CR\u00caPE BR\u00dbL\u00c9E                                        <\/h3>\n                                        <div class=\"mb-5\">Ricotta &amp; Bananenkaramell<\/div>\n\n                                    <\/div>\n                                <\/div>\n                            <\/div>\n                                                                        <\/div>\n        <\/div>\n    <\/div>\n\n\n<style>\n    .priceMenu {\n        width: 60px;\n    }\n\n    .dishTile {\n        width: calc(100% - 60px);\n    }\n<\/style>\n\n\n\n<p><\/p>","protected":false},"excerpt":{"rendered":"","protected":false},"author":1,"featured_media":0,"parent":0,"menu_order":0,"comment_status":"closed","ping_status":"closed","template":"","meta":{"inline_featured_image":false,"footnotes":""},"class_list":["post-87","page","type-page","status-publish","hentry"],"yoast_head":"<!-- This site is optimized with the Yoast SEO plugin v23.7 - https:\/\/yoast.com\/wordpress\/plugins\/seo\/ -->\n<title>Menu - ITA Berlin<\/title>\n<meta name=\"robots\" content=\"index, follow, max-snippet:-1, max-image-preview:large, max-video-preview:-1\" \/>\n<link rel=\"canonical\" href=\"https:\/\/www.ita-berlin.de\/de\/menu\/\" \/>\n<meta property=\"og:locale\" content=\"de_DE\" \/>\n<meta property=\"og:type\" content=\"article\" \/>\n<meta property=\"og:title\" content=\"Menu - ITA Berlin\" \/>\n<meta property=\"og:url\" content=\"https:\/\/www.ita-berlin.de\/de\/menu\/\" \/>\n<meta property=\"og:site_name\" content=\"ITA Berlin\" \/>\n<meta property=\"article:modified_time\" content=\"2026-04-18T13:55:03+00:00\" \/>\n<meta name=\"twitter:card\" content=\"summary_large_image\" \/>\n<script type=\"application\/ld+json\" class=\"yoast-schema-graph\">{\"@context\":\"https:\/\/schema.org\",\"@graph\":[{\"@type\":\"WebPage\",\"@id\":\"https:\/\/www.ita-berlin.de\/menu\/\",\"url\":\"https:\/\/www.ita-berlin.de\/menu\/\",\"name\":\"Menu - ITA Berlin\",\"isPartOf\":{\"@id\":\"https:\/\/www.ita-berlin.de\/#website\"},\"datePublished\":\"2023-08-07T18:00:25+00:00\",\"dateModified\":\"2026-04-18T13:55:03+00:00\",\"breadcrumb\":{\"@id\":\"https:\/\/www.ita-berlin.de\/menu\/#breadcrumb\"},\"inLanguage\":\"de\",\"potentialAction\":[{\"@type\":\"ReadAction\",\"target\":[\"https:\/\/www.ita-berlin.de\/menu\/\"]}]},{\"@type\":\"BreadcrumbList\",\"@id\":\"https:\/\/www.ita-berlin.de\/menu\/#breadcrumb\",\"itemListElement\":[{\"@type\":\"ListItem\",\"position\":1,\"name\":\"Home\",\"item\":\"https:\/\/www.ita-berlin.de\/\"},{\"@type\":\"ListItem\",\"position\":2,\"name\":\"Menu\"}]},{\"@type\":\"WebSite\",\"@id\":\"https:\/\/www.ita-berlin.de\/#website\",\"url\":\"https:\/\/www.ita-berlin.de\/\",\"name\":\"ITA Berlin\",\"description\":\"\",\"publisher\":{\"@id\":\"https:\/\/www.ita-berlin.de\/#organization\"},\"potentialAction\":[{\"@type\":\"SearchAction\",\"target\":{\"@type\":\"EntryPoint\",\"urlTemplate\":\"https:\/\/www.ita-berlin.de\/?s={search_term_string}\"},\"query-input\":{\"@type\":\"PropertyValueSpecification\",\"valueRequired\":true,\"valueName\":\"search_term_string\"}}],\"inLanguage\":\"de\"},{\"@type\":\"Organization\",\"@id\":\"https:\/\/www.ita-berlin.de\/#organization\",\"name\":\"ITA Berlin\",\"url\":\"https:\/\/www.ita-berlin.de\/\",\"logo\":{\"@type\":\"ImageObject\",\"inLanguage\":\"de\",\"@id\":\"https:\/\/www.ita-berlin.de\/#\/schema\/logo\/image\/\",\"url\":\"https:\/\/www.ita-berlin.de\/wp-content\/uploads\/ita_logo_red_bildmarke.svg\",\"contentUrl\":\"https:\/\/www.ita-berlin.de\/wp-content\/uploads\/ita_logo_red_bildmarke.svg\",\"width\":\"1024\",\"height\":\"1024\",\"caption\":\"ITA Berlin\"},\"image\":{\"@id\":\"https:\/\/www.ita-berlin.de\/#\/schema\/logo\/image\/\"}}]}<\/script>\n<!-- \/ Yoast SEO plugin. -->","yoast_head_json":{"title":"Menu - ITA Berlin","robots":{"index":"index","follow":"follow","max-snippet":"max-snippet:-1","max-image-preview":"max-image-preview:large","max-video-preview":"max-video-preview:-1"},"canonical":"https:\/\/www.ita-berlin.de\/de\/menu\/","og_locale":"de_DE","og_type":"article","og_title":"Menu - ITA Berlin","og_url":"https:\/\/www.ita-berlin.de\/de\/menu\/","og_site_name":"ITA Berlin","article_modified_time":"2026-04-18T13:55:03+00:00","twitter_card":"summary_large_image","schema":{"@context":"https:\/\/schema.org","@graph":[{"@type":"WebPage","@id":"https:\/\/www.ita-berlin.de\/menu\/","url":"https:\/\/www.ita-berlin.de\/menu\/","name":"Menu - ITA Berlin","isPartOf":{"@id":"https:\/\/www.ita-berlin.de\/#website"},"datePublished":"2023-08-07T18:00:25+00:00","dateModified":"2026-04-18T13:55:03+00:00","breadcrumb":{"@id":"https:\/\/www.ita-berlin.de\/menu\/#breadcrumb"},"inLanguage":"de","potentialAction":[{"@type":"ReadAction","target":["https:\/\/www.ita-berlin.de\/menu\/"]}]},{"@type":"BreadcrumbList","@id":"https:\/\/www.ita-berlin.de\/menu\/#breadcrumb","itemListElement":[{"@type":"ListItem","position":1,"name":"Home","item":"https:\/\/www.ita-berlin.de\/"},{"@type":"ListItem","position":2,"name":"Menu"}]},{"@type":"WebSite","@id":"https:\/\/www.ita-berlin.de\/#website","url":"https:\/\/www.ita-berlin.de\/","name":"ITA Berlin","description":"","publisher":{"@id":"https:\/\/www.ita-berlin.de\/#organization"},"potentialAction":[{"@type":"SearchAction","target":{"@type":"EntryPoint","urlTemplate":"https:\/\/www.ita-berlin.de\/?s={search_term_string}"},"query-input":{"@type":"PropertyValueSpecification","valueRequired":true,"valueName":"search_term_string"}}],"inLanguage":"de"},{"@type":"Organization","@id":"https:\/\/www.ita-berlin.de\/#organization","name":"ITA Berlin","url":"https:\/\/www.ita-berlin.de\/","logo":{"@type":"ImageObject","inLanguage":"de","@id":"https:\/\/www.ita-berlin.de\/#\/schema\/logo\/image\/","url":"https:\/\/www.ita-berlin.de\/wp-content\/uploads\/ita_logo_red_bildmarke.svg","contentUrl":"https:\/\/www.ita-berlin.de\/wp-content\/uploads\/ita_logo_red_bildmarke.svg","width":"1024","height":"1024","caption":"ITA Berlin"},"image":{"@id":"https:\/\/www.ita-berlin.de\/#\/schema\/logo\/image\/"}}]}},"acf":[],"_links":{"self":[{"href":"https:\/\/www.ita-berlin.de\/de\/wp-json\/wp\/v2\/pages\/87","targetHints":{"allow":["GET"]}}],"collection":[{"href":"https:\/\/www.ita-berlin.de\/de\/wp-json\/wp\/v2\/pages"}],"about":[{"href":"https:\/\/www.ita-berlin.de\/de\/wp-json\/wp\/v2\/types\/page"}],"author":[{"embeddable":true,"href":"https:\/\/www.ita-berlin.de\/de\/wp-json\/wp\/v2\/users\/1"}],"replies":[{"embeddable":true,"href":"https:\/\/www.ita-berlin.de\/de\/wp-json\/wp\/v2\/comments?post=87"}],"version-history":[{"count":205,"href":"https:\/\/www.ita-berlin.de\/de\/wp-json\/wp\/v2\/pages\/87\/revisions"}],"predecessor-version":[{"id":503,"href":"https:\/\/www.ita-berlin.de\/de\/wp-json\/wp\/v2\/pages\/87\/revisions\/503"}],"wp:attachment":[{"href":"https:\/\/www.ita-berlin.de\/de\/wp-json\/wp\/v2\/media?parent=87"}],"curies":[{"name":"wp","href":"https:\/\/api.w.org\/{rel}","templated":true}]}}